{"id":155,"date":"2019-12-03T20:08:14","date_gmt":"2019-12-03T20:08:14","guid":{"rendered":"http:\/\/milpatca.mywhc.ca\/?page_id=155"},"modified":"2026-03-01T11:08:40","modified_gmt":"2026-03-01T16:08:40","slug":"devenez-membre","status":"publish","type":"page","link":"https:\/\/www.milpat.ca\/?page_id=155","title":{"rendered":"Devenez membre"},"content":{"rendered":"\n<p>Le club de coureurs sur route Milpat de la Mauricie compte plus d&rsquo;une centaine de membres. Nous n&rsquo;avons aucune exigence en mati\u00e8re de distance ou de temps \u00e0 courir. Si vous aimez la course \u00e0 pied, vous r\u00e9pondez \u00e0 tous les crit\u00e8res.<\/p>\n\n\n\n<p>Adh\u00e9rez d\u00e8s aujourd&rsquo;hui les rangs du Club Milpat.<\/p>\n\n\n\n<p><a href=\"https:\/\/www.milpat.ca\/?page_id=277\" data-type=\"URL\" data-id=\"https:\/\/www.milpat.ca\/?page_id=277\" target=\"_blank\" rel=\"noreferrer noopener\">L&rsquo;inscription en ligne<\/a> est disponible;<\/p>\n\n\n\n<p>Pour informations, contactez-nous via le <a href=\"https:\/\/www.milpat.ca\/?page_id=192\" data-type=\"URL\" data-id=\"https:\/\/www.milpat.ca\/?page_id=192\" target=\"_blank\" rel=\"noreferrer noopener\">formulaire de contact<\/a>.<\/p>\n\n\n\n<p>Votre adh\u00e9sion prend effet d\u00e8s votre inscription et se termine le 31 d\u00e9cembre de cette m\u00eame ann\u00e9e. <\/p>\n\n\n\n<p>Les classements s&rsquo;effectuent sur 2 volets: les courses virtuelles et les courses en pr\u00e9sentiel. Les classements couvrent toutes les courses qui seront effectu\u00e9es entre les dates fix\u00e9es en d\u00e9but de saison pour chacun des volets.<\/p>\n\n\n\n<p><\/p>\n\n\n\n<h1 class=\"wp-block-heading\" id=\"avantages\">Avantages<\/h1>\n\n\n\n<ul class=\"wp-block-list\">\n<li>Courir avec des gens passionn\u00e9s poursuivant les m\u00eames objectifs que vous.<\/li>\n\n\n\n<li>Des entrainements gratuits \u00e0 Trois-Rivi\u00e8res les mercredis sous la supervision du ma\u00eetre-entra\u00eeneur Yvon Fiset pour d\u00e9butants ou coureurs avanc\u00e9s.<\/li>\n\n\n\n<li>Des entrainements par intervalles gratuits \u00e0 Shawinigan tous les lundi et jeudi soir.<\/li>\n\n\n\n<li>Un <strong><em><mark style=\"background-color:rgba(0, 0, 0, 0)\" class=\"has-inline-color has-vivid-red-color\">t-shirt gratuit*<\/mark><\/em><\/strong> aux couleurs du Club Milpat. <\/li>\n\n\n\n<li>Une assurance accident en cas de blessure lors de toutes nos activit\u00e9s.<\/li>\n\n\n\n<li>Possibilit\u00e9 d&rsquo;obtenir un programme d&rsquo;entrainement personnalis\u00e9 sur 12 semaines en fonction de votre niveau et de vos objectifs. <\/li>\n\n\n\n<li>Des courses virtuelles et en pr\u00e9sence durant une grande partie de la saison.<\/li>\n\n\n\n<li>Une compilation de tous vos r\u00e9sultats pour nos classements de nos coupes Milpat, Vo2max, Caroline Lamy et Richard Tessier.<\/li>\n\n\n\n<li>Des conf\u00e9rences gratuites en lien avec la course \u00e0 pied avec des monuments de la course au Qu\u00e9bec.<\/li>\n\n\n\n<li>De nombreux prix de participation remis en fin de saison lors de notre gala Brunch annuel.<\/li>\n\n\n\n<li>Des surprises et du plaisir garanti pour tous les participants qui veulent se mettre en forme et atteindre leurs objectifs personnels.<\/li>\n<\/ul>\n\n\n\n<ul class=\"wp-block-list\">\n<li>Acc\u00e8s aux r\u00e9seaux de comp\u00e9titions r\u00e9gional, provincial, national et international.<\/li>\n\n\n\n<li>Reconnaissance des performances et records au niveau provincial, national et international<\/li>\n\n\n\n<li>Admissible \u00e0 \u00eatre honor\u00e9 lors du Gala Athl\u00e8tas de la FQA.<\/li>\n\n\n\n<li>Acc\u00e8s aux camps de perfectionnement pour les athl\u00e8tes de la rel\u00e8ve et leurs entra\u00eeneurs. (16 \u00e0 22 ans)<\/li>\n\n\n\n<li>Acc\u00e8s aux programmes de bourses de diff\u00e9rentes organisations (Fondation de l\u2019Athl\u00e8te d\u2019Excellence du Qu\u00e9bec, Fondation Sport-\u00c9tudes, Club M\u00e9daille d\u2019Or, etc.).<\/li>\n\n\n\n<li>Acc\u00e8s au programme de cr\u00e9dits d\u2019imp\u00f4t pour athl\u00e8tes identifi\u00e9s du Gouvernement du Qu\u00e9bec (16 \u00e0 28 ans)<\/li>\n\n\n\n<li>Admissible pour \u00eatre s\u00e9lectionn\u00e9 au sein des \u00c9quipes du Qu\u00e9bec et des \u00e9quipes nationales.<\/li>\n\n\n\n<li>Acc\u00e8s au soutien financier pour athl\u00e8tes identifi\u00e9s lors des projets d\u2019\u00c9quipes du Qu\u00e9bec(championnats canadiens, camps en climat chaud et en Europe)<\/li>\n\n\n\n<li>Acc\u00e8s au programme de soutien \u00e0 l\u2019engagement d\u2019entra\u00eeneur du Gouvernement du Qu\u00e9bec<\/li>\n\n\n\n<li>Acc\u00e8s aux formations pour entra\u00eeneurs et activit\u00e9s de perfectionnement \u00e0 tarif r\u00e9duit.<\/li>\n\n\n\n<li>Acc\u00e8s aux formations et activit\u00e9s de perfectionnement pour officiels.<\/li>\n\n\n\n<li>Acc\u00e8s gratuit \u00e0 la R\u00e9union annuelle des entra\u00eeneurs lors du Congr\u00e8s annuel FQA.<\/li>\n\n\n\n<li>V\u00e9rification des ant\u00e9c\u00e9dents judiciaires sans frais pour les entra\u00eeneurs et officiels (tous les 3 ans).<\/li>\n\n\n\n<li>Rabais sur les frais d\u2019inscription \u00e0 certaines courses sur route et trail sanctionn\u00e9es par la FQA.<\/li>\n\n\n\n<li>Rabais offerts par de nombreux partenaires de la FQA.<\/li>\n\n\n\n<li>Tous les membres de la FQA sont aussi membres d\u2019Athl\u00e9tisme Canada et ont ainsi acc\u00e8s \u00e0 tous les services et programmes nationaux.<\/li>\n<\/ul>\n\n\n\n<p><strong><em><mark style=\"background-color:rgba(0, 0, 0, 0)\" class=\"has-inline-color has-vivid-red-color\">*Pour obtenir votre T-shirt de la saison vous devez \u00eatre inscrit avant le 30 mars car la commande pour les T-shirt est pass\u00e9 au dernier jour du mois de mars.<\/mark><\/em><\/strong><\/p>\n\n\n\n<p><\/p>\n","protected":false},"excerpt":{"rendered":"<div class=\"mh-excerpt\">Le club de coureurs sur route Milpat de la Mauricie compte plus d&rsquo;une centaine de membres. Nous n&rsquo;avons aucune exigence en mati\u00e8re de distance ou <a class=\"mh-excerpt-more\" href=\"https:\/\/www.milpat.ca\/?page_id=155\" title=\"Devenez membre\">[&#8230;]<\/a><\/div>\n","protected":false},"author":1,"featured_media":0,"parent":0,"menu_order":0,"comment_status":"closed","ping_status":"closed","template":"","meta":{"pagelayer_contact_templates":[],"_pagelayer_content":"","pmpro_default_level":"","footnotes":""},"class_list":["post-155","page","type-page","status-publish","hentry","pmpro-has-access"],"_links":{"self":[{"href":"https:\/\/www.milpat.ca\/index.php?rest_route=\/wp\/v2\/pages\/155","targetHints":{"allow":["GET"]}}],"collection":[{"href":"https:\/\/www.milpat.ca\/index.php?rest_route=\/wp\/v2\/pages"}],"about":[{"href":"https:\/\/www.milpat.ca\/index.php?rest_route=\/wp\/v2\/types\/page"}],"author":[{"embeddable":true,"href":"https:\/\/www.milpat.ca\/index.php?rest_route=\/wp\/v2\/users\/1"}],"replies":[{"embeddable":true,"href":"https:\/\/www.milpat.ca\/index.php?rest_route=%2Fwp%2Fv2%2Fcomments&post=155"}],"version-history":[{"count":2,"href":"https:\/\/www.milpat.ca\/index.php?rest_route=\/wp\/v2\/pages\/155\/revisions"}],"predecessor-version":[{"id":8219,"href":"https:\/\/www.milpat.ca\/index.php?rest_route=\/wp\/v2\/pages\/155\/revisions\/8219"}],"wp:attachment":[{"href":"https:\/\/www.milpat.ca\/index.php?rest_route=%2Fwp%2Fv2%2Fmedia&parent=155"}],"curies":[{"name":"wp","href":"https:\/\/api.w.org\/{rel}","templated":true}]}}