{"id":157,"date":"2019-12-03T20:09:30","date_gmt":"2019-12-04T01:09:30","guid":{"rendered":"http:\/\/milpatca.mywhc.ca\/?page_id=157"},"modified":"2026-03-01T10:57:45","modified_gmt":"2026-03-01T15:57:45","slug":"conseil-dadministration","status":"publish","type":"page","link":"https:\/\/www.milpat.ca\/?page_id=157","title":{"rendered":"Conseil d&rsquo;administration"},"content":{"rendered":"\n<p class=\"has-medium-font-size\"><strong>Pr\u00e9sident:<\/strong> <a rel=\"noreferrer noopener\" href=\"mailto:mmasterboy@hotmail.com\" target=\"_blank\">Michel St-Pierre<\/a><\/p>\n\n\n\n<p class=\"has-medium-font-size\"><strong>Vice-pr\u00e9sident (pr\u00e9sident par int\u00e9rim)<\/strong>: <a rel=\"noreferrer noopener\" href=\"mailto:doucet.christian@cgocable.ca\" target=\"_blank\">Christian Doucet<\/a><\/p>\n\n\n\n<p class=\"has-medium-font-size\"><strong>Tr\u00e9sorier<\/strong>: <a rel=\"noreferrer noopener\" href=\"mailto:pdoucet.gginc@outlook.com\" target=\"_blank\">Patrice Doucet<\/a><\/p>\n\n\n\n<p class=\"has-medium-font-size\"><strong>Secr\u00e9taire, responsable des communications et service aux membres<\/strong>: <a href=\"mailto:audreythorngregoire@gmail.com\" target=\"_blank\" rel=\"noreferrer noopener\">Audrey Thorn-Gr\u00e9goire<\/a>, <a href=\"mailto:arvisais.emmanuelle@cgocable.ca\" target=\"_blank\" rel=\"noreferrer noopener\">Emmanuelle Arvisais<\/a>,<\/p>\n\n\n\n<p class=\"has-medium-font-size\"><strong>Commandites et publicit\u00e9<\/strong>: <a href=\"mailto:audreythorngregoire@gmail.com\" target=\"_blank\" rel=\"noreferrer noopener\">Audrey Thorn-Gr\u00e9goire<\/a>, <a href=\"lisamayhill19@outlook.fr\" data-type=\"link\" data-id=\"lisamayhill19@outlook.fr\">Lisa-May Hill<\/a><\/p>\n\n\n\n<p class=\"has-medium-font-size\"><strong>Webmestre<\/strong>\/<strong>statistiques<\/strong>: <a href=\"mailto:Steve.lemay15@gmail.com\" target=\"_blank\" rel=\"noreferrer noopener\">Steve Lemay<\/a><\/p>\n\n\n\n<p class=\"has-medium-font-size\"><strong>R\u00e9gistraire et inscriptions:<\/strong> <a href=\"mailto:Steve.lemay15@gmail.com\" target=\"_blank\" rel=\"noreferrer noopener\">Steve Lemay<\/a>, <a href=\"mailto:mmasterboy@hotmail.com\" target=\"_blank\" rel=\"noreferrer noopener\">Michel St-Pierre<\/a><\/p>\n\n\n\n<p class=\"has-medium-font-size\"><strong>R\u00e9seaux sociaux: <\/strong><a href=\"mailto:sandylacerte@hotmail.com\" target=\"_blank\" rel=\"noreferrer noopener\"><\/a><a href=\"lisamayhill19@outlook.fr\" data-type=\"link\" data-id=\"lisamayhill19@outlook.fr\">Lisa-May Hill<\/a>, <a href=\"plante-daniel@hotmail.com\" data-type=\"link\" data-id=\"plante-daniel@hotmail.com\">Daniel Plante<\/a><\/p>\n\n\n\n<p class=\"has-medium-font-size\"><\/p>\n\n\n\n<p><\/p>\n\n\n\n<h1 class=\"wp-block-heading\">Entraineurs<\/h1>\n\n\n\n<p class=\"has-medium-font-size\"><strong>Secteur Shawinigan:<\/strong> <a rel=\"noreferrer noopener\" href=\"mailto:mmasterboy@hotmail.com\" target=\"_blank\">Michel St-Pierre<\/a><\/p>\n\n\n\n<p class=\"has-medium-font-size\"><strong>Secteur Trois-Rivi\u00e8res:<\/strong> <a rel=\"noreferrer noopener\" href=\"mailto:entraineurpro@yahoo.ca\" target=\"_blank\">Yvon Fiset<\/a><\/p>\n","protected":false},"excerpt":{"rendered":"<div class=\"mh-excerpt\">Pr\u00e9sident: Michel St-Pierre Vice-pr\u00e9sident (pr\u00e9sident par int\u00e9rim): Christian Doucet Tr\u00e9sorier: Patrice Doucet Secr\u00e9taire, responsable des communications et service aux membres: Audrey Thorn-Gr\u00e9goire, Emmanuelle Arvisais, Commandites <a class=\"mh-excerpt-more\" href=\"https:\/\/www.milpat.ca\/?page_id=157\" title=\"Conseil d&rsquo;administration\">[&#8230;]<\/a><\/div>\n","protected":false},"author":1,"featured_media":0,"parent":0,"menu_order":0,"comment_status":"closed","ping_status":"closed","template":"","meta":{"pagelayer_contact_templates":[],"_pagelayer_content":"","pmpro_default_level":"","footnotes":""},"class_list":["post-157","page","type-page","status-publish","hentry","pmpro-has-access"],"_links":{"self":[{"href":"https:\/\/www.milpat.ca\/index.php?rest_route=\/wp\/v2\/pages\/157","targetHints":{"allow":["GET"]}}],"collection":[{"href":"https:\/\/www.milpat.ca\/index.php?rest_route=\/wp\/v2\/pages"}],"about":[{"href":"https:\/\/www.milpat.ca\/index.php?rest_route=\/wp\/v2\/types\/page"}],"author":[{"embeddable":true,"href":"https:\/\/www.milpat.ca\/index.php?rest_route=\/wp\/v2\/users\/1"}],"replies":[{"embeddable":true,"href":"https:\/\/www.milpat.ca\/index.php?rest_route=%2Fwp%2Fv2%2Fcomments&post=157"}],"version-history":[{"count":6,"href":"https:\/\/www.milpat.ca\/index.php?rest_route=\/wp\/v2\/pages\/157\/revisions"}],"predecessor-version":[{"id":8217,"href":"https:\/\/www.milpat.ca\/index.php?rest_route=\/wp\/v2\/pages\/157\/revisions\/8217"}],"wp:attachment":[{"href":"https:\/\/www.milpat.ca\/index.php?rest_route=%2Fwp%2Fv2%2Fmedia&parent=157"}],"curies":[{"name":"wp","href":"https:\/\/api.w.org\/{rel}","templated":true}]}}