{"id":159,"date":"2019-12-03T20:10:32","date_gmt":"2019-12-03T20:10:32","guid":{"rendered":"http:\/\/milpatca.mywhc.ca\/?page_id=159"},"modified":"2026-04-28T19:03:53","modified_gmt":"2026-04-28T23:03:53","slug":"liste-des-membres","status":"publish","type":"page","link":"https:\/\/www.milpat.ca\/?page_id=159","title":{"rendered":"Liste des membres"},"content":{"rendered":"\n<figure class=\"wp-block-table is-style-stripes has-small-font-size\"><table class=\"has-background\" style=\"background-color:#fcb6b6\"><tbody><tr><td class=\"has-text-align-left\" data-align=\"left\"><strong>Nom,Pr\u00e9nom<\/strong><\/td><td><strong>Membre 202<\/strong>5<\/td><td><strong>Membre 2026<\/strong><\/td><\/tr><tr><td class=\"has-text-align-left\" data-align=\"left\">Arvisais, Emmanuelle<\/td><td>Renouvel\u00e9<\/td><td>Renouvel\u00e9<\/td><\/tr><tr><td class=\"has-text-align-left\" data-align=\"left\">Beaumier, Jean<\/td><td>Renouvel\u00e9<\/td><td><\/td><\/tr><tr><td class=\"has-text-align-left\" data-align=\"left\">B\u00e9langer, Dominique<\/td><td>Oui<\/td><td>Renouvel\u00e9<\/td><\/tr><tr><td class=\"has-text-align-left\" data-align=\"left\">B\u00e9langer, Michel<\/td><td>Membre honoraire<\/td><td>Membre honoraire<\/td><\/tr><tr><td class=\"has-text-align-left\" data-align=\"left\">B\u00e9nard, Guillaume<\/td><td>Renouvel\u00e9<\/td><td><\/td><\/tr><tr><td class=\"has-text-align-left\" data-align=\"left\">Beraud, Luc<\/td><td>Membre honoraire<\/td><td>Membre honoraire<\/td><\/tr><tr><td class=\"has-text-align-left\" data-align=\"left\">Bert, Virginie<\/td><td>Non<\/td><td>Oui<\/td><\/tr><tr><td class=\"has-text-align-left\" data-align=\"left\">Bouchard, \u00c9ric<\/td><td>Oui<\/td><td>Renouvel\u00e9<\/td><\/tr><tr><td class=\"has-text-align-left\" data-align=\"left\">Bragagnolo, Alain<\/td><td>Oui<\/td><td>Renouvel\u00e9<\/td><\/tr><tr><td class=\"has-text-align-left\" data-align=\"left\">Buissi\u00e8re, Simon<\/td><td>Non<\/td><td>Oui<\/td><\/tr><tr><td class=\"has-text-align-left\" data-align=\"left\">Caron, Fernand<\/td><td>Membre honoraire<\/td><td>Membre honoraire<\/td><\/tr><tr><td class=\"has-text-align-left\" data-align=\"left\">Caron, Gerald<\/td><td>Oui<\/td><td><\/td><\/tr><tr><td class=\"has-text-align-left\" data-align=\"left\">Charette, Yannick<\/td><td>Oui<\/td><td>Renouvel\u00e9<\/td><\/tr><tr><td class=\"has-text-align-left\" data-align=\"left\">Charlebois, Patrick<\/td><td>Membre honoraire<\/td><td>Membre honoraire<\/td><\/tr><tr><td class=\"has-text-align-left\" data-align=\"left\">Chartray, Gil<\/td><td>Oui<\/td><td>Renouvel\u00e9<\/td><\/tr><tr><td class=\"has-text-align-left\" data-align=\"left\">Chevalier, Nicholas<\/td><td>Oui<\/td><td>Renouvel\u00e9<\/td><\/tr><tr><td class=\"has-text-align-left\" data-align=\"left\">Coderre, Kevin<\/td><td>Oui<\/td><td>Renouvel\u00e9<\/td><\/tr><tr><td class=\"has-text-align-left\" data-align=\"left\">Cr\u00eate, Jean-guy<\/td><td>Membre honoraire<\/td><td>Membre honoraire<\/td><\/tr><tr><td class=\"has-text-align-left\" data-align=\"left\">De Montigny, Manon<\/td><td>Oui<\/td><td>Renouvel\u00e9<\/td><\/tr><tr><td class=\"has-text-align-left\" data-align=\"left\">Deveault, St\u00e9phane<\/td><td>Renouvel\u00e9<\/td><td><\/td><\/tr><tr><td class=\"has-text-align-left\" data-align=\"left\">Dion, Frederic<\/td><td>Membre honoraire<\/td><td>Membre honoraire<\/td><\/tr><tr><td class=\"has-text-align-left\" data-align=\"left\">Doucet, Britany<\/td><td>Oui<\/td><td>Renouvel\u00e9<\/td><\/tr><tr><td class=\"has-text-align-left\" data-align=\"left\">Doucet, Christian<\/td><td>Renouvel\u00e9<\/td><td>Renouvel\u00e9<\/td><\/tr><tr><td class=\"has-text-align-left\" data-align=\"left\">Doucet, Patrice<\/td><td>Oui<\/td><td>Renouvel\u00e9<\/td><\/tr><tr><td class=\"has-text-align-left\" data-align=\"left\">Doucet, Ryan<\/td><td>Oui<\/td><td>Renouvel\u00e9<\/td><\/tr><tr><td class=\"has-text-align-left\" data-align=\"left\">Drouin, Marc<\/td><td>Oui<\/td><td>Renouvel\u00e9<\/td><\/tr><tr><td class=\"has-text-align-left\" data-align=\"left\">Dubord, R\u00e9jean<\/td><td>Membre honoraire<\/td><td>Membre honoraire<\/td><\/tr><tr><td class=\"has-text-align-left\" data-align=\"left\">Ducret, Patrice<\/td><td>Oui<\/td><td>Renouvel\u00e9<\/td><\/tr><tr><td class=\"has-text-align-left\" data-align=\"left\">Ducret, Sophie<\/td><td>Oui<\/td><td>Renouvel\u00e9<\/td><\/tr><tr><td class=\"has-text-align-left\" data-align=\"left\">Dufour, Vanessa<\/td><td>Renouvel\u00e9<\/td><td><\/td><\/tr><tr><td class=\"has-text-align-left\" data-align=\"left\">Dufresne, St\u00e9phane<\/td><td>Membre honoraire<\/td><td>Membre honoraire<\/td><\/tr><tr><td class=\"has-text-align-left\" data-align=\"left\">Dupuis, Isabelle<\/td><td>Renouvel\u00e9<\/td><td><\/td><\/tr><tr><td class=\"has-text-align-left\" data-align=\"left\">Ferron, Claude<\/td><td>Oui<\/td><td>Renouvel\u00e9<\/td><\/tr><tr><td class=\"has-text-align-left\" data-align=\"left\">Fiset, Laurie-Anne<\/td><td>Oui<\/td><td><\/td><\/tr><tr><td class=\"has-text-align-left\" data-align=\"left\">Fiset, Line<\/td><td>Oui<\/td><td>Renouvel\u00e9<\/td><\/tr><tr><td class=\"has-text-align-left\" data-align=\"left\">Fiset, Yvon<\/td><td>Oui<\/td><td>Renouvel\u00e9<\/td><\/tr><tr><td class=\"has-text-align-left\" data-align=\"left\">Fortier, Jean-Michel<\/td><td>Oui<\/td><td>Renouvel\u00e9<\/td><\/tr><tr><td class=\"has-text-align-left\" data-align=\"left\">Francoeur, Sylvain<\/td><td>Membre honoraire<\/td><td>Membre honoraire<\/td><\/tr><tr><td class=\"has-text-align-left\" data-align=\"left\">Gagn\u00e9, Gilles<\/td><td>Renouvel\u00e9<\/td><td><\/td><\/tr><tr><td class=\"has-text-align-left\" data-align=\"left\">Gagn\u00e9, St\u00e9phane<\/td><td>Oui<\/td><td>Renouvel\u00e9<\/td><\/tr><tr><td class=\"has-text-align-left\" data-align=\"left\">Gagnon, Marie-claude<\/td><td>Oui<\/td><td>Renouvel\u00e9<\/td><\/tr><tr><td class=\"has-text-align-left\" data-align=\"left\">Gagnon, Mathieu<\/td><td>Oui<\/td><td><\/td><\/tr><tr><td class=\"has-text-align-left\" data-align=\"left\">Gari\u00e9py, Fr\u00e9d\u00e9ric<\/td><td>Oui<\/td><td><\/td><\/tr><tr><td class=\"has-text-align-left\" data-align=\"left\">G\u00e9linas, Anne-Marie<\/td><td>Non<\/td><td>Oui<\/td><\/tr><tr><td class=\"has-text-align-left\" data-align=\"left\">G\u00e9linas, Odette<\/td><td>Oui<\/td><td>Renouvel\u00e9<\/td><\/tr><tr><td class=\"has-text-align-left\" data-align=\"left\">Genest, Laurence<\/td><td>Oui<\/td><td><\/td><\/tr><tr><td class=\"has-text-align-left\" data-align=\"left\">Gentes, Sabrina<\/td><td>Renouvel\u00e9<\/td><td><\/td><\/tr><tr><td class=\"has-text-align-left\" data-align=\"left\">Gervais, \u00c9mile<\/td><td>Non<\/td><td>Oui<\/td><\/tr><tr><td class=\"has-text-align-left\" data-align=\"left\">Gigu\u00e8re, Cathy<\/td><td>Oui<\/td><td>Renouvel\u00e9<\/td><\/tr><tr><td class=\"has-text-align-left\" data-align=\"left\">Guy, Laurier<\/td><td>Oui<\/td><td>Renouvel\u00e9<\/td><\/tr><tr><td class=\"has-text-align-left\" data-align=\"left\">Hamel, Jean<\/td><td>Membre honoraire<\/td><td>Membre honoraire<\/td><\/tr><tr><td class=\"has-text-align-left\" data-align=\"left\">Hamelin, Andr\u00e9<\/td><td>Membre honoraire<\/td><td>Membre honoraire<\/td><\/tr><tr><td class=\"has-text-align-left\" data-align=\"left\">Harvey, Marie-Pier<\/td><td>Oui<\/td><td>Renouvel\u00e9<\/td><\/tr><tr><td class=\"has-text-align-left\" data-align=\"left\">H\u00e9nault-Rondeau, M\u00e9lissa<\/td><td>Renouvel\u00e9<\/td><td><\/td><\/tr><tr><td class=\"has-text-align-left\" data-align=\"left\">Hill, Lisa-May<\/td><td>Renouvel\u00e9<\/td><td>Renouvel\u00e9<\/td><\/tr><tr><td class=\"has-text-align-left\" data-align=\"left\">Hould, Diane<\/td><td>Oui<\/td><td>Renouvel\u00e9<\/td><\/tr><tr><td class=\"has-text-align-left\" data-align=\"left\">Isabelle, Marie-Andr\u00e9e<\/td><td>Renouvel\u00e9<\/td><td><\/td><\/tr><tr><td class=\"has-text-align-left\" data-align=\"left\">Isabelle, Richard<\/td><td>Renouvel\u00e9<\/td><td><\/td><\/tr><tr><td class=\"has-text-align-left\" data-align=\"left\">Kaltenrieder, Ernest<\/td><td>Oui<\/td><td>Renouvel\u00e9<\/td><\/tr><tr><td class=\"has-text-align-left\" data-align=\"left\">Lacerte, Sandy<\/td><td>Renouvel\u00e9<\/td><td>Renouvel\u00e9<\/td><\/tr><tr><td class=\"has-text-align-left\" data-align=\"left\">Lachapelle, Louis<\/td><td>Non<\/td><td>Oui<\/td><\/tr><tr><td class=\"has-text-align-left\" data-align=\"left\">Lacombe, Denis<\/td><td>Membre honoraire<\/td><td>Membre honoraire<\/td><\/tr><tr><td class=\"has-text-align-left\" data-align=\"left\">Lacombe, Fran\u00e7ois<\/td><td>Oui<\/td><td>Renouvel\u00e9<\/td><\/tr><tr><td class=\"has-text-align-left\" data-align=\"left\">Lacombe, Jocelyn<\/td><td>Renouvel\u00e9<\/td><td><\/td><\/tr><tr><td class=\"has-text-align-left\" data-align=\"left\">Lafreni\u00e8re, Julie<\/td><td>Oui<\/td><td><\/td><\/tr><tr><td class=\"has-text-align-left\" data-align=\"left\">Lajoie, Julie<\/td><td>Oui<\/td><td><\/td><\/tr><tr><td class=\"has-text-align-left\" data-align=\"left\">Lamothe, Daniel<\/td><td>Oui<\/td><td><\/td><\/tr><tr><td class=\"has-text-align-left\" data-align=\"left\">Landry, Guylaine<\/td><td>Oui<\/td><td>Renouvel\u00e9<\/td><\/tr><tr><td class=\"has-text-align-left\" data-align=\"left\">Lapointe, Evelyne<\/td><td>Oui<\/td><td>Renouvel\u00e9<\/td><\/tr><tr><td class=\"has-text-align-left\" data-align=\"left\">Lavergne, Line<\/td><td>Oui<\/td><td>Renouvel\u00e9<\/td><\/tr><tr><td class=\"has-text-align-left\" data-align=\"left\">Leduc, Jessica<\/td><td>Non<\/td><td>Oui<\/td><\/tr><tr><td class=\"has-text-align-left\" data-align=\"left\">L\u00e9gar\u00e9, Nicole<\/td><td>Oui<\/td><td>Renouvel\u00e9<\/td><\/tr><tr><td class=\"has-text-align-left\" data-align=\"left\">Lehoux, Philippe<\/td><td>Oui<\/td><td>Renouvel\u00e9<\/td><\/tr><tr><td class=\"has-text-align-left\" data-align=\"left\">Lemay, Steve<\/td><td>Renouvel\u00e9<\/td><td>Renouvel\u00e9<\/td><\/tr><tr><td class=\"has-text-align-left\" data-align=\"left\">Lemoine, Julie<\/td><td>Renouvel\u00e9<\/td><td><\/td><\/tr><tr><td class=\"has-text-align-left\" data-align=\"left\">Lessard, Jonathan<\/td><td>Oui<\/td><td>Renouvel\u00e9<\/td><\/tr><tr><td class=\"has-text-align-left\" data-align=\"left\">Levasseur, Marie-Eve<\/td><td>Renouvel\u00e9<\/td><td><\/td><\/tr><tr><td class=\"has-text-align-left\" data-align=\"left\">Morais, Gerald<\/td><td>Oui<\/td><td>Renouvel\u00e9<\/td><\/tr><tr><td class=\"has-text-align-left\" data-align=\"left\">Morin, Chantale<\/td><td>Oui<\/td><td>Renouvel\u00e9<\/td><\/tr><tr><td class=\"has-text-align-left\" data-align=\"left\">Morin, Rosalie<\/td><td>Oui<\/td><td><\/td><\/tr><tr><td class=\"has-text-align-left\" data-align=\"left\">Nadeau, Jordan<\/td><td>Oui<\/td><td>Renouvel\u00e9<\/td><\/tr><tr><td class=\"has-text-align-left\" data-align=\"left\">Naud, Andr\u00e9<\/td><td>Oui<\/td><td>Renouvel\u00e9<\/td><\/tr><tr><td class=\"has-text-align-left\" data-align=\"left\">Pag\u00e9, Marc<\/td><td>Oui<\/td><td>Renouvel\u00e9<\/td><\/tr><tr><td class=\"has-text-align-left\" data-align=\"left\">Paradis, Elisabeth<\/td><td>Oui<\/td><td>Renouvel\u00e9<\/td><\/tr><tr><td class=\"has-text-align-left\" data-align=\"left\">Peterson, Andr\u00e9<\/td><td>Oui<\/td><td>Renouvel\u00e9<\/td><\/tr><tr><td class=\"has-text-align-left\" data-align=\"left\">Plamondon, Gabrielle<\/td><td>Oui<\/td><td>Renouvel\u00e9<\/td><\/tr><tr><td class=\"has-text-align-left\" data-align=\"left\">Plante, Daniel<\/td><td>Oui<\/td><td>Renouvel\u00e9<\/td><\/tr><tr><td class=\"has-text-align-left\" data-align=\"left\">Poisson, Jocelyn<\/td><td>Non<\/td><td>Oui<\/td><\/tr><tr><td class=\"has-text-align-left\" data-align=\"left\">Poitras, Michel<\/td><td>Non<\/td><td>Oui<\/td><\/tr><tr><td class=\"has-text-align-left\" data-align=\"left\">Quessy, Marc<\/td><td>Membre honoraire<\/td><td>Membre honoraire<\/td><\/tr><tr><td class=\"has-text-align-left\" data-align=\"left\">Ricard, Normand<\/td><td>Oui<\/td><td>Renouvel\u00e9<\/td><\/tr><tr><td class=\"has-text-align-left\" data-align=\"left\">Ricard-Girard, Laurie<\/td><td>Oui<\/td><td><\/td><\/tr><tr><td class=\"has-text-align-left\" data-align=\"left\">Rivard, Julie<\/td><td>Oui<\/td><td>Renouvel\u00e9<\/td><\/tr><tr><td class=\"has-text-align-left\" data-align=\"left\">Saucier, Carole<\/td><td>Oui<\/td><td><\/td><\/tr><tr><td class=\"has-text-align-left\" data-align=\"left\">Savoie, Karine<\/td><td>Oui<\/td><td>Renouvel\u00e9<\/td><\/tr><tr><td class=\"has-text-align-left\" data-align=\"left\">Simard, Anne-Marie<\/td><td>Oui<\/td><td>Renouvel\u00e9<\/td><\/tr><tr><td class=\"has-text-align-left\" data-align=\"left\">Slusarek, Pierre<\/td><td>Oui<\/td><td>Renouvel\u00e9<\/td><\/tr><tr><td class=\"has-text-align-left\" data-align=\"left\">St-Onge, R\u00e9mi<\/td><td>Non<\/td><td>Oui<\/td><\/tr><tr><td class=\"has-text-align-left\" data-align=\"left\">St-Pierre, Justine<\/td><td>Oui<\/td><td>Renouvel\u00e9<\/td><\/tr><tr><td class=\"has-text-align-left\" data-align=\"left\">St-Pierre, Michel<\/td><td>Renouvel\u00e9<\/td><td>Renouvel\u00e9<\/td><\/tr><tr><td class=\"has-text-align-left\" data-align=\"left\">Thorn-Gr\u00e9goire, Audrey<\/td><td>Renouvel\u00e9<\/td><td>Renouvel\u00e9<\/td><\/tr><tr><td class=\"has-text-align-left\" data-align=\"left\">Vachon-Joannette, Philippe<\/td><td>Oui<\/td><td><\/td><\/tr><tr><td class=\"has-text-align-left\" data-align=\"left\">Vaugeois, Alain<\/td><td>Renouvel\u00e9<\/td><td><\/td><\/tr><\/tbody><\/table><\/figure>\n\n\n\n<p class=\"has-vivid-red-color has-text-color has-link-color has-small-font-size wp-elements-53e8334f8ef7c2bdc56d833639986dd7\"><strong><em>Derni\u00e8re mise \u00e0 jour: 28-04-2<\/em><\/strong>6<\/p>\n\n\n\n<p><br><\/p>\n","protected":false},"excerpt":{"rendered":"<div class=\"mh-excerpt\">Nom,Pr\u00e9nom Membre 2025 Membre 2026 Arvisais, Emmanuelle Renouvel\u00e9 Renouvel\u00e9 Beaumier, Jean Renouvel\u00e9 B\u00e9langer, Dominique Oui Renouvel\u00e9 B\u00e9langer, Michel Membre honoraire Membre honoraire B\u00e9nard, Guillaume Renouvel\u00e9 <a class=\"mh-excerpt-more\" href=\"https:\/\/www.milpat.ca\/?page_id=159\" title=\"Liste des membres\">[&#8230;]<\/a><\/div>\n","protected":false},"author":1,"featured_media":0,"parent":0,"menu_order":0,"comment_status":"closed","ping_status":"closed","template":"","meta":{"pagelayer_contact_templates":[],"_pagelayer_content":"","pmpro_default_level":"","footnotes":""},"class_list":["post-159","page","type-page","status-publish","hentry","pmpro-has-access"],"_links":{"self":[{"href":"https:\/\/www.milpat.ca\/index.php?rest_route=\/wp\/v2\/pages\/159","targetHints":{"allow":["GET"]}}],"collection":[{"href":"https:\/\/www.milpat.ca\/index.php?rest_route=\/wp\/v2\/pages"}],"about":[{"href":"https:\/\/www.milpat.ca\/index.php?rest_route=\/wp\/v2\/types\/page"}],"author":[{"embeddable":true,"href":"https:\/\/www.milpat.ca\/index.php?rest_route=\/wp\/v2\/users\/1"}],"replies":[{"embeddable":true,"href":"https:\/\/www.milpat.ca\/index.php?rest_route=%2Fwp%2Fv2%2Fcomments&post=159"}],"version-history":[{"count":92,"href":"https:\/\/www.milpat.ca\/index.php?rest_route=\/wp\/v2\/pages\/159\/revisions"}],"predecessor-version":[{"id":8348,"href":"https:\/\/www.milpat.ca\/index.php?rest_route=\/wp\/v2\/pages\/159\/revisions\/8348"}],"wp:attachment":[{"href":"https:\/\/www.milpat.ca\/index.php?rest_route=%2Fwp%2Fv2%2Fmedia&parent=159"}],"curies":[{"name":"wp","href":"https:\/\/api.w.org\/{rel}","templated":true}]}}