{"id":188,"date":"2019-12-05T03:20:25","date_gmt":"2019-12-05T03:20:25","guid":{"rendered":"http:\/\/milpatca.mywhc.ca\/?page_id=188"},"modified":"2024-05-14T00:35:32","modified_gmt":"2024-05-14T04:35:32","slug":"accueil","status":"publish","type":"page","link":"https:\/\/www.milpat.ca\/","title":{"rendered":""},"content":{"rendered":"\n<div class=\"alignnormal\"><div id=\"metaslider-id-195\" style=\"max-width: 1001px;\" class=\"ml-slider-3-104-0 metaslider metaslider-nivo metaslider-195 ml-slider has-dots-nav ms-theme-default\" role=\"region\" aria-label=\"Slideshow accueil\" data-height=\"550\" data-width=\"1001\">\n    <div id=\"metaslider_container_195\">\n        <div class='slider-wrapper theme-default'><div class='ribbon'><\/div><div id='metaslider_195' class='nivoSlider'><img loading=\"lazy\" decoding=\"async\" src=\"https:\/\/www.milpat.ca\/wp-content\/uploads\/2024\/05\/Parc-Pie-XII-1001x550.jpg\" height=\"550\" width=\"1001\" data-caption=\"&lt;div&gt;Nos entra&amp;icirc;nements &amp;agrave; Trois-Rivi&amp;egrave;res, au Parc&amp;nbsp; Pie XII, reprendront tous les lundis de mai et juin &amp;agrave; 18h15. Date &amp;agrave; confirmer pour les entra&amp;icirc;nements de septembre. On vous attend en grand nombre &amp;agrave; compter du 4 mai!&amp;nbsp;&lt;\/div&gt;\" title=\"Parc Pie XII\" alt=\"\" class=\"slider-195 slide-984 msDefaultImage\" \/><img loading=\"lazy\" decoding=\"async\" src=\"https:\/\/www.milpat.ca\/wp-content\/uploads\/2022\/02\/Centre-Gervais_porte-959x526.jpg\" height=\"550\" width=\"1001\" data-caption=\"&lt;div&gt;Entrainements int&amp;eacute;rieurs du centre Gervais tous les lundis et jeudis de 18h30 &amp;agrave; 20h00.&lt;\/div&gt;\" title=\"Centre Gervais_porte\" alt=\"\" class=\"slider-195 slide-3188 msDefaultImage\" \/><img loading=\"lazy\" decoding=\"async\" src=\"https:\/\/www.milpat.ca\/wp-content\/uploads\/2024\/11\/Rando-du-dimanche_24-11-24_2-1001x550.jpg\" height=\"550\" width=\"1001\" data-caption=\"&lt;p&gt;Les randonn&amp;eacute;es du dimanche &amp;agrave; Trois-Rivi&amp;egrave;res sont de retour. Possibilit&amp;eacute; de 2 parcours, 5 et 10 km.Vous &amp;ecirc;tes invit&amp;eacute; &amp;agrave; vous pr&amp;eacute;senter sur le stationnement du pavillon des humanit&amp;eacute;s du c&amp;eacute;gep de Trois-Rivi&amp;egrave;res sur la rue Marguerite-Bourgeoys. Les d&amp;eacute;parts sont pr&amp;eacute;vus pour 9h30.&lt;\/p&gt;\" title=\"Rando du dimanche_24-11-24_2\" alt=\"\" class=\"slider-195 slide-928 msDefaultImage\" \/><img loading=\"lazy\" decoding=\"async\" src=\"https:\/\/www.milpat.ca\/wp-content\/uploads\/2025\/11\/Laureats_2025-1001x550.jpg\" height=\"550\" width=\"1001\" data-caption=\"&lt;div&gt;Voici nos Laur&amp;eacute;ats et Laur&amp;eacute;ates de la saison 2025. Bravo &amp;agrave; tous!&lt;\/div&gt;\" title=\"Laureats_2025\" alt=\"\" class=\"slider-195 slide-983 msDefaultImage\" \/><\/div><\/div>\n        \n    <\/div>\n<\/div><\/div>\n\n\n\n<p> Le Club Milpat se veut la r\u00e9f\u00e9rence de l\u2019athl\u00e9tisme, de la course \u00e0 pied sur route pour la r\u00e9gion de la Mauricie. Son but vise \u00e0 promouvoir et favoriser le d\u00e9veloppement et l\u2019\u00e9panouissement des athl\u00e8tes dans l\u2019atteinte de leurs objectifs personnels, par un encadrement professionnel et dans un environnement dynamique et amical.<\/p>\n\n\n\n<iframe loading=\"lazy\" src=\"https:\/\/www.facebook.com\/plugins\/page.php?href=https%3A%2F%2Fwww.facebook.com%2Fclubmilpat%2F&amp;tabs=timeline&amp;width=600&amp;height=500&amp;small_header=false&amp;adapt_container_width=true&amp;hide_cover=false&amp;show_facepile=true&amp;appId\" width=\"600\" height=\"500\" style=\"border:none;overflow:hidden\" scrolling=\"no\" frameborder=\"0\" allowtransparency=\"true\" allow=\"encrypted-media\"><\/iframe>\n\n\n\n<div class=\"wp-block-group\"><div class=\"wp-block-group__inner-container is-layout-flow wp-block-group-is-layout-flow\"><\/div><\/div>\n\n\n\n<h1 class=\"wp-block-heading\">                  <\/h1>\n\n\n\n<p>                     <\/p>\n","protected":false},"excerpt":{"rendered":"<div class=\"mh-excerpt\">Le Club Milpat se veut la r\u00e9f\u00e9rence de l\u2019athl\u00e9tisme, de la course \u00e0 pied sur route pour la r\u00e9gion de la Mauricie. Son but vise <a class=\"mh-excerpt-more\" href=\"https:\/\/www.milpat.ca\/\" title=\"\">[&#8230;]<\/a><\/div>\n","protected":false},"author":1,"featured_media":0,"parent":0,"menu_order":0,"comment_status":"closed","ping_status":"closed","template":"","meta":{"pagelayer_contact_templates":[],"_pagelayer_content":"","pmpro_default_level":"","footnotes":""},"class_list":["post-188","page","type-page","status-publish","hentry","pmpro-has-access"],"_links":{"self":[{"href":"https:\/\/www.milpat.ca\/index.php?rest_route=\/wp\/v2\/pages\/188","targetHints":{"allow":["GET"]}}],"collection":[{"href":"https:\/\/www.milpat.ca\/index.php?rest_route=\/wp\/v2\/pages"}],"about":[{"href":"https:\/\/www.milpat.ca\/index.php?rest_route=\/wp\/v2\/types\/page"}],"author":[{"embeddable":true,"href":"https:\/\/www.milpat.ca\/index.php?rest_route=\/wp\/v2\/users\/1"}],"replies":[{"embeddable":true,"href":"https:\/\/www.milpat.ca\/index.php?rest_route=%2Fwp%2Fv2%2Fcomments&post=188"}],"version-history":[{"count":2,"href":"https:\/\/www.milpat.ca\/index.php?rest_route=\/wp\/v2\/pages\/188\/revisions"}],"predecessor-version":[{"id":8114,"href":"https:\/\/www.milpat.ca\/index.php?rest_route=\/wp\/v2\/pages\/188\/revisions\/8114"}],"wp:attachment":[{"href":"https:\/\/www.milpat.ca\/index.php?rest_route=%2Fwp%2Fv2%2Fmedia&parent=188"}],"curies":[{"name":"wp","href":"https:\/\/api.w.org\/{rel}","templated":true}]}}